{"id":17266,"date":"2024-01-23T11:56:21","date_gmt":"2024-01-23T10:56:21","guid":{"rendered":"https:\/\/corporate.jobrapido.com\/partner-program\/"},"modified":"2026-02-06T08:21:54","modified_gmt":"2026-02-06T07:21:54","slug":"partner-program","status":"publish","type":"page","link":"https:\/\/corporate.jobrapido.com\/es\/partner-program\/","title":{"rendered":"Partner Program"},"content":{"rendered":"","protected":false},"excerpt":{"rendered":"","protected":false},"author":5,"featured_media":0,"parent":0,"menu_order":0,"comment_status":"closed","ping_status":"closed","template":"","meta":{"footnotes":""},"class_list":["post-17266","page","type-page","status-publish","hentry"],"yoast_head":"<!-- This site is optimized with the Yoast SEO plugin v22.4 - https:\/\/yoast.com\/wordpress\/plugins\/seo\/ -->\n<title>Partner Program | Jobrapido Empresas<\/title>\n<meta name=\"description\" content=\"Desbloquea el potencial de la colaboraci\u00f3n global uni\u00e9ndote a nuestra red de Socios Afiliados de calidad. Aumenta tus ingresos gracias a nuestro programa de asociaci\u00f3n, es f\u00e1cil y rentable.\" \/>\n<meta name=\"robots\" content=\"index, follow, max-snippet:-1, max-image-preview:large, max-video-preview:-1\" \/>\n<link rel=\"canonical\" href=\"https:\/\/corporate.jobrapido.com\/es\/partner-program\/\" \/>\n<meta property=\"og:locale\" content=\"es_ES\" \/>\n<meta property=\"og:type\" content=\"article\" \/>\n<meta property=\"og:title\" content=\"Partner Program | Jobrapido Empresas\" \/>\n<meta property=\"og:description\" content=\"Desbloquea el potencial de la colaboraci\u00f3n global uni\u00e9ndote a nuestra red de Socios Afiliados de calidad. Aumenta tus ingresos gracias a nuestro programa de asociaci\u00f3n, es f\u00e1cil y rentable.\" \/>\n<meta property=\"og:url\" content=\"https:\/\/corporate.jobrapido.com\/es\/partner-program\/\" \/>\n<meta property=\"og:site_name\" content=\"Jobrapido\" \/>\n<meta property=\"article:modified_time\" content=\"2026-02-06T07:21:54+00:00\" \/>\n<meta name=\"twitter:card\" content=\"summary_large_image\" \/>\n<script type=\"application\/ld+json\" class=\"yoast-schema-graph\">{\"@context\":\"https:\/\/schema.org\",\"@graph\":[{\"@type\":\"WebPage\",\"@id\":\"https:\/\/corporate.jobrapido.com\/es\/partner-program\/\",\"url\":\"https:\/\/corporate.jobrapido.com\/es\/partner-program\/\",\"name\":\"Partner Program | Jobrapido Empresas\",\"isPartOf\":{\"@id\":\"https:\/\/corporate.jobrapido.com\/#website\"},\"datePublished\":\"2024-01-23T10:56:21+00:00\",\"dateModified\":\"2026-02-06T07:21:54+00:00\",\"description\":\"Desbloquea el potencial de la colaboraci\u00f3n global uni\u00e9ndote a nuestra red de Socios Afiliados de calidad. Aumenta tus ingresos gracias a nuestro programa de asociaci\u00f3n, es f\u00e1cil y rentable.\",\"breadcrumb\":{\"@id\":\"https:\/\/corporate.jobrapido.com\/es\/partner-program\/#breadcrumb\"},\"inLanguage\":\"es\",\"potentialAction\":[{\"@type\":\"ReadAction\",\"target\":[\"https:\/\/corporate.jobrapido.com\/es\/partner-program\/\"]}]},{\"@type\":\"BreadcrumbList\",\"@id\":\"https:\/\/corporate.jobrapido.com\/es\/partner-program\/#breadcrumb\",\"itemListElement\":[{\"@type\":\"ListItem\",\"position\":1,\"name\":\"Home\",\"item\":\"https:\/\/corporate.jobrapido.com\/es\/\"},{\"@type\":\"ListItem\",\"position\":2,\"name\":\"Partner Program\"}]},{\"@type\":\"WebSite\",\"@id\":\"https:\/\/corporate.jobrapido.com\/#website\",\"url\":\"https:\/\/corporate.jobrapido.com\/\",\"name\":\"Jobrapido\",\"description\":\"Jobrapido for Employers\",\"publisher\":{\"@id\":\"https:\/\/corporate.jobrapido.com\/#organization\"},\"potentialAction\":[{\"@type\":\"SearchAction\",\"target\":{\"@type\":\"EntryPoint\",\"urlTemplate\":\"https:\/\/corporate.jobrapido.com\/?s={search_term_string}\"},\"query-input\":\"required name=search_term_string\"}],\"inLanguage\":\"es\"},{\"@type\":\"Organization\",\"@id\":\"https:\/\/corporate.jobrapido.com\/#organization\",\"name\":\"Jobrapido\",\"url\":\"https:\/\/corporate.jobrapido.com\/\",\"logo\":{\"@type\":\"ImageObject\",\"inLanguage\":\"es\",\"@id\":\"https:\/\/corporate.jobrapido.com\/#\/schema\/logo\/image\/\",\"url\":\"https:\/\/corporate.jobrapido.com\/wp-content\/uploads\/2020\/07\/jobrapido-2-blu.png\",\"contentUrl\":\"https:\/\/corporate.jobrapido.com\/wp-content\/uploads\/2020\/07\/jobrapido-2-blu.png\",\"width\":688,\"height\":166,\"caption\":\"Jobrapido\"},\"image\":{\"@id\":\"https:\/\/corporate.jobrapido.com\/#\/schema\/logo\/image\/\"}}]}<\/script>\n<!-- \/ Yoast SEO plugin. -->","yoast_head_json":{"title":"Partner Program | Jobrapido Empresas","description":"Desbloquea el potencial de la colaboraci\u00f3n global uni\u00e9ndote a nuestra red de Socios Afiliados de calidad. Aumenta tus ingresos gracias a nuestro programa de asociaci\u00f3n, es f\u00e1cil y rentable.","robots":{"index":"index","follow":"follow","max-snippet":"max-snippet:-1","max-image-preview":"max-image-preview:large","max-video-preview":"max-video-preview:-1"},"canonical":"https:\/\/corporate.jobrapido.com\/es\/partner-program\/","og_locale":"es_ES","og_type":"article","og_title":"Partner Program | Jobrapido Empresas","og_description":"Desbloquea el potencial de la colaboraci\u00f3n global uni\u00e9ndote a nuestra red de Socios Afiliados de calidad. Aumenta tus ingresos gracias a nuestro programa de asociaci\u00f3n, es f\u00e1cil y rentable.","og_url":"https:\/\/corporate.jobrapido.com\/es\/partner-program\/","og_site_name":"Jobrapido","article_modified_time":"2026-02-06T07:21:54+00:00","twitter_card":"summary_large_image","schema":{"@context":"https:\/\/schema.org","@graph":[{"@type":"WebPage","@id":"https:\/\/corporate.jobrapido.com\/es\/partner-program\/","url":"https:\/\/corporate.jobrapido.com\/es\/partner-program\/","name":"Partner Program | Jobrapido Empresas","isPartOf":{"@id":"https:\/\/corporate.jobrapido.com\/#website"},"datePublished":"2024-01-23T10:56:21+00:00","dateModified":"2026-02-06T07:21:54+00:00","description":"Desbloquea el potencial de la colaboraci\u00f3n global uni\u00e9ndote a nuestra red de Socios Afiliados de calidad. Aumenta tus ingresos gracias a nuestro programa de asociaci\u00f3n, es f\u00e1cil y rentable.","breadcrumb":{"@id":"https:\/\/corporate.jobrapido.com\/es\/partner-program\/#breadcrumb"},"inLanguage":"es","potentialAction":[{"@type":"ReadAction","target":["https:\/\/corporate.jobrapido.com\/es\/partner-program\/"]}]},{"@type":"BreadcrumbList","@id":"https:\/\/corporate.jobrapido.com\/es\/partner-program\/#breadcrumb","itemListElement":[{"@type":"ListItem","position":1,"name":"Home","item":"https:\/\/corporate.jobrapido.com\/es\/"},{"@type":"ListItem","position":2,"name":"Partner Program"}]},{"@type":"WebSite","@id":"https:\/\/corporate.jobrapido.com\/#website","url":"https:\/\/corporate.jobrapido.com\/","name":"Jobrapido","description":"Jobrapido for Employers","publisher":{"@id":"https:\/\/corporate.jobrapido.com\/#organization"},"potentialAction":[{"@type":"SearchAction","target":{"@type":"EntryPoint","urlTemplate":"https:\/\/corporate.jobrapido.com\/?s={search_term_string}"},"query-input":"required name=search_term_string"}],"inLanguage":"es"},{"@type":"Organization","@id":"https:\/\/corporate.jobrapido.com\/#organization","name":"Jobrapido","url":"https:\/\/corporate.jobrapido.com\/","logo":{"@type":"ImageObject","inLanguage":"es","@id":"https:\/\/corporate.jobrapido.com\/#\/schema\/logo\/image\/","url":"https:\/\/corporate.jobrapido.com\/wp-content\/uploads\/2020\/07\/jobrapido-2-blu.png","contentUrl":"https:\/\/corporate.jobrapido.com\/wp-content\/uploads\/2020\/07\/jobrapido-2-blu.png","width":688,"height":166,"caption":"Jobrapido"},"image":{"@id":"https:\/\/corporate.jobrapido.com\/#\/schema\/logo\/image\/"}}]}},"_links":{"self":[{"href":"https:\/\/corporate.jobrapido.com\/es\/wp-json\/wp\/v2\/pages\/17266","targetHints":{"allow":["GET"]}}],"collection":[{"href":"https:\/\/corporate.jobrapido.com\/es\/wp-json\/wp\/v2\/pages"}],"about":[{"href":"https:\/\/corporate.jobrapido.com\/es\/wp-json\/wp\/v2\/types\/page"}],"author":[{"embeddable":true,"href":"https:\/\/corporate.jobrapido.com\/es\/wp-json\/wp\/v2\/users\/5"}],"replies":[{"embeddable":true,"href":"https:\/\/corporate.jobrapido.com\/es\/wp-json\/wp\/v2\/comments?post=17266"}],"version-history":[{"count":4,"href":"https:\/\/corporate.jobrapido.com\/es\/wp-json\/wp\/v2\/pages\/17266\/revisions"}],"predecessor-version":[{"id":24626,"href":"https:\/\/corporate.jobrapido.com\/es\/wp-json\/wp\/v2\/pages\/17266\/revisions\/24626"}],"wp:attachment":[{"href":"https:\/\/corporate.jobrapido.com\/es\/wp-json\/wp\/v2\/media?parent=17266"}],"curies":[{"name":"wp","href":"https:\/\/api.w.org\/{rel}","templated":true}]}}