{"id":18170,"date":"2024-06-06T10:03:52","date_gmt":"2024-06-06T08:03:52","guid":{"rendered":"https:\/\/corporate.jobrapido.com\/direct-employers\/"},"modified":"2026-02-23T08:11:21","modified_gmt":"2026-02-23T07:11:21","slug":"direct-employers","status":"publish","type":"page","link":"https:\/\/corporate.jobrapido.com\/es\/direct-employers\/","title":{"rendered":"Empresas Directas"},"content":{"rendered":"","protected":false},"excerpt":{"rendered":"","protected":false},"author":5,"featured_media":0,"parent":0,"menu_order":40,"comment_status":"closed","ping_status":"closed","template":"page_tpl_postJob.php","meta":{"footnotes":""},"class_list":["post-18170","page","type-page","status-publish","hentry"],"yoast_head":"<!-- This site is optimized with the Yoast SEO plugin v22.4 - https:\/\/yoast.com\/wordpress\/plugins\/seo\/ -->\n<title>Empresas Directas | Jobrapido Empresas<\/title>\n<meta name=\"description\" content=\"El talento que necesitas est\u00e1 a un solo clic de distancia: dir\u00edgete a candidatos de todo el mundo y empieza a contratar r\u00e1pidamente!\" \/>\n<meta name=\"robots\" content=\"index, follow, max-snippet:-1, max-image-preview:large, max-video-preview:-1\" \/>\n<link rel=\"canonical\" href=\"https:\/\/corporate.jobrapido.com\/es\/direct-employers\/\" \/>\n<script type=\"application\/ld+json\" class=\"yoast-schema-graph\">{\"@context\":\"https:\/\/schema.org\",\"@graph\":[{\"@type\":\"BreadcrumbList\",\"@id\":\"https:\/\/corporate.jobrapido.com\/es\/direct-employers\/#breadcrumb\",\"itemListElement\":[{\"@type\":\"ListItem\",\"position\":1,\"name\":\"Home\",\"item\":\"https:\/\/corporate.jobrapido.com\/es\/\"},{\"@type\":\"ListItem\",\"position\":2,\"name\":\"Empresas Directas\"}]}]}<\/script>\n<!-- \/ Yoast SEO plugin. -->","yoast_head_json":{"title":"Empresas Directas | Jobrapido Empresas","description":"El talento que necesitas est\u00e1 a un solo clic de distancia: dir\u00edgete a candidatos de todo el mundo y empieza a contratar r\u00e1pidamente!","robots":{"index":"index","follow":"follow","max-snippet":"max-snippet:-1","max-image-preview":"max-image-preview:large","max-video-preview":"max-video-preview:-1"},"canonical":"https:\/\/corporate.jobrapido.com\/es\/direct-employers\/","schema":{"@context":"https:\/\/schema.org","@graph":[{"@type":"BreadcrumbList","@id":"https:\/\/corporate.jobrapido.com\/es\/direct-employers\/#breadcrumb","itemListElement":[{"@type":"ListItem","position":1,"name":"Home","item":"https:\/\/corporate.jobrapido.com\/es\/"},{"@type":"ListItem","position":2,"name":"Empresas Directas"}]}]}},"_links":{"self":[{"href":"https:\/\/corporate.jobrapido.com\/es\/wp-json\/wp\/v2\/pages\/18170","targetHints":{"allow":["GET"]}}],"collection":[{"href":"https:\/\/corporate.jobrapido.com\/es\/wp-json\/wp\/v2\/pages"}],"about":[{"href":"https:\/\/corporate.jobrapido.com\/es\/wp-json\/wp\/v2\/types\/page"}],"author":[{"embeddable":true,"href":"https:\/\/corporate.jobrapido.com\/es\/wp-json\/wp\/v2\/users\/5"}],"replies":[{"embeddable":true,"href":"https:\/\/corporate.jobrapido.com\/es\/wp-json\/wp\/v2\/comments?post=18170"}],"version-history":[{"count":9,"href":"https:\/\/corporate.jobrapido.com\/es\/wp-json\/wp\/v2\/pages\/18170\/revisions"}],"predecessor-version":[{"id":24985,"href":"https:\/\/corporate.jobrapido.com\/es\/wp-json\/wp\/v2\/pages\/18170\/revisions\/24985"}],"wp:attachment":[{"href":"https:\/\/corporate.jobrapido.com\/es\/wp-json\/wp\/v2\/media?parent=18170"}],"curies":[{"name":"wp","href":"https:\/\/api.w.org\/{rel}","templated":true}]}}