{"id":24098,"date":"2026-01-22T14:08:28","date_gmt":"2026-01-22T13:08:28","guid":{"rendered":"https:\/\/corporate.jobrapido.com\/home-new\/"},"modified":"2026-03-25T14:01:41","modified_gmt":"2026-03-25T13:01:41","slug":"home-new","status":"publish","type":"page","link":"https:\/\/corporate.jobrapido.com\/es\/","title":{"rendered":"Home new ES"},"content":{"rendered":"<div class=\"wpb-content-wrapper\"><div id=\"modal-ready\"><p>[vc_row full_width=\u00bbstretch_row\u00bb content_placement=\u00bbmiddle\u00bb css=\u00bb.vc_custom_1769120725418{background-color: #72E2CF !important;}\u00bb el_id=\u00bbhero-home\u00bb][vc_column width=\u00bb5\/12&#8243; css=\u00bb.vc_custom_1769771686837{padding-top: 0px !important;padding-right: 0px !important;padding-bottom: 0px !important;padding-left: 0px !important;}\u00bb el_class=\u00bbsquare-cover\u00bb]    \n    <div class=\"yt-wrap\" data-video=\"N9vnWhUL-xc\">\n        <div class=\"yt-cover\">\n            <img decoding=\"async\" src=\"https:\/\/corporate.jobrapido.com\/wp-content\/uploads\/2026\/01\/one-stop-shop.webp\" alt=\"\">\n\t\t\t<span class=\"yt-play\"><svg width=\"48\" height=\"48\" viewBox=\"0 0 24 24\" fill=\"currentColor\" xmlns=\"http:\/\/www.w3.org\/2000\/svg\"><path d=\"M8 5V19L19 12L8 5Z\" \/><\/svg><\/span>\n        <\/div>\n        <div class=\"yt-video\"><\/div>\n    <\/div>\n\n    [\/vc_column][vc_column width=\u00bb7\/12&#8243;][vc_single_image image=\u00bb24067&#8243; img_size=\u00bbfull\u00bb alignment=\u00bbcenter\u00bb onclick=\u00bbcustom_link\u00bb css=\u00bb.vc_custom_1769768145153{margin-bottom: 25px !important;}\u00bb][vc_column_text css=\u00bb\u00bb]<\/p>\n<h1 style=\"text-align: center;\">LA SOLUCI\u00d3N INTEGRAL<br \/>\n<span style=\"font-size: 28;\">PARA EL MARKETING DE RECLUTAMIENTO<\/span><\/h1>\n<h2 style=\"text-align: center;\">MEJORADA CON TECNOLOG\u00cdA DE IA Y DISE\u00d1ADA PARA PORTALES DE EMPLEO, AGENCIAS Y RESPONSABLES DE CONTRATACI\u00d3N<\/h2>\n<p>[\/vc_column_text][vc_btn title=\u00bbDescubre m\u00e1s\u00bb style=\u00bbflat\u00bb color=\u00bbwhite\u00bb size=\u00bblg\u00bb align=\u00bbcenter\u00bb css=\u00bb\u00bb link=\u00bburl:https%3A%2F%2Fcorporate.jobrapido.com%2Fes%2Fjobespresso-one-stop-shop%2F\u00bb el_class=\u00bbwhite-button\u00bb][\/vc_column][\/vc_row][vc_row full_width=\u00bbstretch_row\u00bb css=\u00bb.vc_custom_1768927054622{background-color: #EA396E !important;}\u00bb el_id=\u00bbpoweredby\u00bb][vc_column][vc_single_image image=\u00bb24026&#8243; img_size=\u00bbfull\u00bb alignment=\u00bbcenter\u00bb css=\u00bb\u00bb el_id=\u00bbpoweredby-img\u00bb][vc_column_text css=\u00bb\u00bb el_id=\u00bbpoweredby-txt\u00bb]<\/p>\n<p style=\"text-align: center;\">Plataforma de reclutamiento impulsada por IA<br \/>\n120M+ candidados perfilados<\/p>\n<p>[\/vc_column_text][\/vc_column][\/vc_row]<\/p>\n<\/div><\/div>","protected":false},"excerpt":{"rendered":"<p>[vc_row full_width=\u00bbstretch_row\u00bb [&hellip;]<\/p>\n","protected":false},"author":17,"featured_media":0,"parent":0,"menu_order":0,"comment_status":"closed","ping_status":"closed","template":"","meta":{"footnotes":""},"class_list":["post-24098","page","type-page","status-publish","hentry"],"yoast_head":"<!-- This site is optimized with the Yoast SEO plugin v22.4 - https:\/\/yoast.com\/wordpress\/plugins\/seo\/ -->\n<title>HOME | Jobrapido Empresas<\/title>\n<meta name=\"description\" content=\"Encuentra talento m\u00e1s r\u00e1pido en el fragmentado panorama medi\u00e1tico actual. Conoce Jobespresso: la plataforma de reclutamiento con IA m\u00e1s escalable e inteligente \u2014 una soluci\u00f3n unificada que conecta todos los canales clave de medios, aprovechando datos propios a trav\u00e9s de un gran marketplace y tecnolog\u00eda propietaria galardonada. Todo con una configuraci\u00f3n lista para usar, resultados transparentes y cero desperdicio.\" \/>\n<meta name=\"robots\" content=\"noindex, nofollow\" \/>\n<meta property=\"og:locale\" content=\"es_ES\" \/>\n<meta property=\"og:type\" content=\"article\" \/>\n<meta property=\"og:title\" content=\"HOME | Jobrapido Empresas\" \/>\n<meta property=\"og:description\" content=\"Encuentra talento m\u00e1s r\u00e1pido en el fragmentado panorama medi\u00e1tico actual. Conoce Jobespresso: la plataforma de reclutamiento con IA m\u00e1s escalable e inteligente \u2014 una soluci\u00f3n unificada que conecta todos los canales clave de medios, aprovechando datos propios a trav\u00e9s de un gran marketplace y tecnolog\u00eda propietaria galardonada. Todo con una configuraci\u00f3n lista para usar, resultados transparentes y cero desperdicio.\" \/>\n<meta property=\"og:url\" content=\"https:\/\/corporate.jobrapido.com\/es\/\" \/>\n<meta property=\"og:site_name\" content=\"Jobrapido\" \/>\n<meta property=\"article:modified_time\" content=\"2026-03-25T13:01:41+00:00\" \/>\n<meta name=\"twitter:card\" content=\"summary_large_image\" \/>\n<meta name=\"twitter:label1\" content=\"Tiempo de lectura\" \/>\n\t<meta name=\"twitter:data1\" content=\"1 minuto\" \/>\n<script type=\"application\/ld+json\" class=\"yoast-schema-graph\">{\"@context\":\"https:\/\/schema.org\",\"@graph\":[{\"@type\":\"WebPage\",\"@id\":\"https:\/\/corporate.jobrapido.com\/es\/\",\"url\":\"https:\/\/corporate.jobrapido.com\/es\/\",\"name\":\"HOME | Jobrapido Empresas\",\"isPartOf\":{\"@id\":\"https:\/\/corporate.jobrapido.com\/#website\"},\"datePublished\":\"2026-01-22T13:08:28+00:00\",\"dateModified\":\"2026-03-25T13:01:41+00:00\",\"description\":\"Encuentra talento m\u00e1s r\u00e1pido en el fragmentado panorama medi\u00e1tico actual. Conoce Jobespresso: la plataforma de reclutamiento con IA m\u00e1s escalable e inteligente \u2014 una soluci\u00f3n unificada que conecta todos los canales clave de medios, aprovechando datos propios a trav\u00e9s de un gran marketplace y tecnolog\u00eda propietaria galardonada. Todo con una configuraci\u00f3n lista para usar, resultados transparentes y cero desperdicio.\",\"breadcrumb\":{\"@id\":\"https:\/\/corporate.jobrapido.com\/es\/#breadcrumb\"},\"inLanguage\":\"es\",\"potentialAction\":[{\"@type\":\"ReadAction\",\"target\":[\"https:\/\/corporate.jobrapido.com\/es\/\"]}]},{\"@type\":\"BreadcrumbList\",\"@id\":\"https:\/\/corporate.jobrapido.com\/es\/#breadcrumb\",\"itemListElement\":[{\"@type\":\"ListItem\",\"position\":1,\"name\":\"Home\",\"item\":\"https:\/\/corporate.jobrapido.com\/es\/\"},{\"@type\":\"ListItem\",\"position\":2,\"name\":\"Home new ES\"}]},{\"@type\":\"WebSite\",\"@id\":\"https:\/\/corporate.jobrapido.com\/#website\",\"url\":\"https:\/\/corporate.jobrapido.com\/\",\"name\":\"Jobrapido\",\"description\":\"Jobrapido for Employers\",\"publisher\":{\"@id\":\"https:\/\/corporate.jobrapido.com\/#organization\"},\"potentialAction\":[{\"@type\":\"SearchAction\",\"target\":{\"@type\":\"EntryPoint\",\"urlTemplate\":\"https:\/\/corporate.jobrapido.com\/?s={search_term_string}\"},\"query-input\":\"required name=search_term_string\"}],\"inLanguage\":\"es\"},{\"@type\":\"Organization\",\"@id\":\"https:\/\/corporate.jobrapido.com\/#organization\",\"name\":\"Jobrapido\",\"url\":\"https:\/\/corporate.jobrapido.com\/\",\"logo\":{\"@type\":\"ImageObject\",\"inLanguage\":\"es\",\"@id\":\"https:\/\/corporate.jobrapido.com\/#\/schema\/logo\/image\/\",\"url\":\"https:\/\/corporate.jobrapido.com\/wp-content\/uploads\/2020\/07\/jobrapido-2-blu.png\",\"contentUrl\":\"https:\/\/corporate.jobrapido.com\/wp-content\/uploads\/2020\/07\/jobrapido-2-blu.png\",\"width\":688,\"height\":166,\"caption\":\"Jobrapido\"},\"image\":{\"@id\":\"https:\/\/corporate.jobrapido.com\/#\/schema\/logo\/image\/\"}}]}<\/script>\n<!-- \/ Yoast SEO plugin. -->","yoast_head_json":{"title":"HOME | Jobrapido Empresas","description":"Encuentra talento m\u00e1s r\u00e1pido en el fragmentado panorama medi\u00e1tico actual. Conoce Jobespresso: la plataforma de reclutamiento con IA m\u00e1s escalable e inteligente \u2014 una soluci\u00f3n unificada que conecta todos los canales clave de medios, aprovechando datos propios a trav\u00e9s de un gran marketplace y tecnolog\u00eda propietaria galardonada. Todo con una configuraci\u00f3n lista para usar, resultados transparentes y cero desperdicio.","robots":{"index":"noindex","follow":"nofollow"},"og_locale":"es_ES","og_type":"article","og_title":"HOME | Jobrapido Empresas","og_description":"Encuentra talento m\u00e1s r\u00e1pido en el fragmentado panorama medi\u00e1tico actual. Conoce Jobespresso: la plataforma de reclutamiento con IA m\u00e1s escalable e inteligente \u2014 una soluci\u00f3n unificada que conecta todos los canales clave de medios, aprovechando datos propios a trav\u00e9s de un gran marketplace y tecnolog\u00eda propietaria galardonada. Todo con una configuraci\u00f3n lista para usar, resultados transparentes y cero desperdicio.","og_url":"https:\/\/corporate.jobrapido.com\/es\/","og_site_name":"Jobrapido","article_modified_time":"2026-03-25T13:01:41+00:00","twitter_card":"summary_large_image","twitter_misc":{"Tiempo de lectura":"1 minuto"},"schema":{"@context":"https:\/\/schema.org","@graph":[{"@type":"WebPage","@id":"https:\/\/corporate.jobrapido.com\/es\/","url":"https:\/\/corporate.jobrapido.com\/es\/","name":"HOME | Jobrapido Empresas","isPartOf":{"@id":"https:\/\/corporate.jobrapido.com\/#website"},"datePublished":"2026-01-22T13:08:28+00:00","dateModified":"2026-03-25T13:01:41+00:00","description":"Encuentra talento m\u00e1s r\u00e1pido en el fragmentado panorama medi\u00e1tico actual. Conoce Jobespresso: la plataforma de reclutamiento con IA m\u00e1s escalable e inteligente \u2014 una soluci\u00f3n unificada que conecta todos los canales clave de medios, aprovechando datos propios a trav\u00e9s de un gran marketplace y tecnolog\u00eda propietaria galardonada. Todo con una configuraci\u00f3n lista para usar, resultados transparentes y cero desperdicio.","breadcrumb":{"@id":"https:\/\/corporate.jobrapido.com\/es\/#breadcrumb"},"inLanguage":"es","potentialAction":[{"@type":"ReadAction","target":["https:\/\/corporate.jobrapido.com\/es\/"]}]},{"@type":"BreadcrumbList","@id":"https:\/\/corporate.jobrapido.com\/es\/#breadcrumb","itemListElement":[{"@type":"ListItem","position":1,"name":"Home","item":"https:\/\/corporate.jobrapido.com\/es\/"},{"@type":"ListItem","position":2,"name":"Home new ES"}]},{"@type":"WebSite","@id":"https:\/\/corporate.jobrapido.com\/#website","url":"https:\/\/corporate.jobrapido.com\/","name":"Jobrapido","description":"Jobrapido for Employers","publisher":{"@id":"https:\/\/corporate.jobrapido.com\/#organization"},"potentialAction":[{"@type":"SearchAction","target":{"@type":"EntryPoint","urlTemplate":"https:\/\/corporate.jobrapido.com\/?s={search_term_string}"},"query-input":"required name=search_term_string"}],"inLanguage":"es"},{"@type":"Organization","@id":"https:\/\/corporate.jobrapido.com\/#organization","name":"Jobrapido","url":"https:\/\/corporate.jobrapido.com\/","logo":{"@type":"ImageObject","inLanguage":"es","@id":"https:\/\/corporate.jobrapido.com\/#\/schema\/logo\/image\/","url":"https:\/\/corporate.jobrapido.com\/wp-content\/uploads\/2020\/07\/jobrapido-2-blu.png","contentUrl":"https:\/\/corporate.jobrapido.com\/wp-content\/uploads\/2020\/07\/jobrapido-2-blu.png","width":688,"height":166,"caption":"Jobrapido"},"image":{"@id":"https:\/\/corporate.jobrapido.com\/#\/schema\/logo\/image\/"}}]}},"_links":{"self":[{"href":"https:\/\/corporate.jobrapido.com\/es\/wp-json\/wp\/v2\/pages\/24098","targetHints":{"allow":["GET"]}}],"collection":[{"href":"https:\/\/corporate.jobrapido.com\/es\/wp-json\/wp\/v2\/pages"}],"about":[{"href":"https:\/\/corporate.jobrapido.com\/es\/wp-json\/wp\/v2\/types\/page"}],"author":[{"embeddable":true,"href":"https:\/\/corporate.jobrapido.com\/es\/wp-json\/wp\/v2\/users\/17"}],"replies":[{"embeddable":true,"href":"https:\/\/corporate.jobrapido.com\/es\/wp-json\/wp\/v2\/comments?post=24098"}],"version-history":[{"count":22,"href":"https:\/\/corporate.jobrapido.com\/es\/wp-json\/wp\/v2\/pages\/24098\/revisions"}],"predecessor-version":[{"id":25433,"href":"https:\/\/corporate.jobrapido.com\/es\/wp-json\/wp\/v2\/pages\/24098\/revisions\/25433"}],"wp:attachment":[{"href":"https:\/\/corporate.jobrapido.com\/es\/wp-json\/wp\/v2\/media?parent=24098"}],"curies":[{"name":"wp","href":"https:\/\/api.w.org\/{rel}","templated":true}]}}