{"id":24095,"date":"2026-01-22T14:08:28","date_gmt":"2026-01-22T13:08:28","guid":{"rendered":"https:\/\/corporate.jobrapido.com\/home-new\/"},"modified":"2026-03-25T16:28:54","modified_gmt":"2026-03-25T15:28:54","slug":"home-new","status":"publish","type":"page","link":"https:\/\/corporate.jobrapido.com\/fr\/","title":{"rendered":"Home new FR"},"content":{"rendered":"<div class=\"wpb-content-wrapper\"><div id=\"modal-ready\"><p>[vc_row full_width=\u00a0\u00bbstretch_row\u00a0\u00bb content_placement=\u00a0\u00bbmiddle\u00a0\u00bb css=\u00a0\u00bb.vc_custom_1769120725418{background-color: #72E2CF !important;}\u00a0\u00bb el_id=\u00a0\u00bbhero-home\u00a0\u00bb][vc_column width=\u00a0\u00bb5\/12&Prime; css=\u00a0\u00bb.vc_custom_1769771690327{padding-top: 0px !important;padding-right: 0px !important;padding-bottom: 0px !important;padding-left: 0px !important;}\u00a0\u00bb el_class=\u00a0\u00bbsquare-cover\u00a0\u00bb]    \n    <div class=\"yt-wrap\" data-video=\"N9vnWhUL-xc\">\n        <div class=\"yt-cover\">\n            <img decoding=\"async\" src=\"https:\/\/corporate.jobrapido.com\/wp-content\/uploads\/2026\/01\/one-stop-shop.webp\" alt=\"\">\n\t\t\t<span class=\"yt-play\"><svg width=\"48\" height=\"48\" viewBox=\"0 0 24 24\" fill=\"currentColor\" xmlns=\"http:\/\/www.w3.org\/2000\/svg\"><path d=\"M8 5V19L19 12L8 5Z\" \/><\/svg><\/span>\n        <\/div>\n        <div class=\"yt-video\"><\/div>\n    <\/div>\n\n    [\/vc_column][vc_column width=\u00a0\u00bb7\/12&Prime;][vc_single_image image=\u00a0\u00bb24067&Prime; img_size=\u00a0\u00bbfull\u00a0\u00bb alignment=\u00a0\u00bbcenter\u00a0\u00bb onclick=\u00a0\u00bbcustom_link\u00a0\u00bb css=\u00a0\u00bb.vc_custom_1769768314839{margin-bottom: 25px !important;}\u00a0\u00bb][vc_column_text css=\u00a0\u00bb\u00a0\u00bb]<\/p>\n<h1 style=\"text-align: center;\">LA SOLUTION <br class=\"mobileon\" \/>TOUT-EN-UN<br \/>\n<span style=\"font-size: 28;\">POUR LE MARKETING DE RECRUTEMENT<\/span><\/h1>\n<h2 style=\"text-align: center;\">OPTIMIS\u00c9E PAR LA TECHNOLOGIE D\u2019IA ET CON\u00c7UE POUR LES SITES D\u2019EMPLOI, LES AGENCES ET LES RESPONSABLES DU RECRUTEMENT<\/h2>\n<p>[\/vc_column_text][vc_btn title=\u00a0\u00bbEn savoir plus\u00a0\u00bb style=\u00a0\u00bbflat\u00a0\u00bb color=\u00a0\u00bbwhite\u00a0\u00bb size=\u00a0\u00bblg\u00a0\u00bb align=\u00a0\u00bbcenter\u00a0\u00bb css=\u00a0\u00bb\u00a0\u00bb link=\u00a0\u00bburl:https%3A%2F%2Fcorporate.jobrapido.com%2Ffr%2Fjobespresso-one-stop-shop%2F\u00a0\u00bb el_class=\u00a0\u00bbwhite-button\u00a0\u00bb][\/vc_column][\/vc_row][vc_row full_width=\u00a0\u00bbstretch_row\u00a0\u00bb css=\u00a0\u00bb.vc_custom_1768927054622{background-color: #EA396E !important;}\u00a0\u00bb el_id=\u00a0\u00bbpoweredby\u00a0\u00bb][vc_column][vc_single_image image=\u00a0\u00bb24319&Prime; img_size=\u00a0\u00bbfull\u00a0\u00bb alignment=\u00a0\u00bbcenter\u00a0\u00bb css=\u00a0\u00bb\u00a0\u00bb el_id=\u00a0\u00bbpoweredby-img\u00a0\u00bb][vc_column_text css=\u00a0\u00bb\u00a0\u00bb el_id=\u00a0\u00bbpoweredby-txt\u00a0\u00bb]<\/p>\n<p style=\"text-align: center;\">Plateforme de recrutement pilot\u00e9e par l\u2019IA<br \/>\n120M+ candidats profil\u00e9s<\/p>\n<p>[\/vc_column_text][\/vc_column][\/vc_row]<\/p>\n<\/div><\/div>","protected":false},"excerpt":{"rendered":"<p>[vc_row full_width=\u00a0\u00bbstretch_row\u00a0\u00bb [&hellip;]<\/p>\n","protected":false},"author":17,"featured_media":0,"parent":0,"menu_order":0,"comment_status":"closed","ping_status":"closed","template":"","meta":{"footnotes":""},"class_list":["post-24095","page","type-page","status-publish","hentry"],"yoast_head":"<!-- This site is optimized with the Yoast SEO plugin v22.4 - https:\/\/yoast.com\/wordpress\/plugins\/seo\/ -->\n<title>HOME | Jobrapido Entreprises<\/title>\n<meta name=\"description\" content=\"Trouvez les talents plus rapidement dans le paysage m\u00e9diatique fragment\u00e9 d\u2019aujourd\u2019hui.D\u00e9couvrez Jobespresso : la plateforme de recrutement IA la plus \u00e9volutive et intelligente \u2013 une solution unifi\u00e9e qui connecte tous les principaux canaux m\u00e9diatiques, en exploitant les donn\u00e9es propri\u00e9taires via un large march\u00e9 et une technologie propri\u00e9taire prim\u00e9e. Le tout avec une configuration cl\u00e9 en main, des r\u00e9sultats transparents et z\u00e9ro gaspillage.\" \/>\n<meta name=\"robots\" content=\"noindex, nofollow\" \/>\n<meta property=\"og:locale\" content=\"fr_FR\" \/>\n<meta property=\"og:type\" content=\"article\" \/>\n<meta property=\"og:title\" content=\"HOME | Jobrapido Entreprises\" \/>\n<meta property=\"og:description\" content=\"Trouvez les talents plus rapidement dans le paysage m\u00e9diatique fragment\u00e9 d\u2019aujourd\u2019hui.D\u00e9couvrez Jobespresso : la plateforme de recrutement IA la plus \u00e9volutive et intelligente \u2013 une solution unifi\u00e9e qui connecte tous les principaux canaux m\u00e9diatiques, en exploitant les donn\u00e9es propri\u00e9taires via un large march\u00e9 et une technologie propri\u00e9taire prim\u00e9e. Le tout avec une configuration cl\u00e9 en main, des r\u00e9sultats transparents et z\u00e9ro gaspillage.\" \/>\n<meta property=\"og:url\" content=\"https:\/\/corporate.jobrapido.com\/fr\/\" \/>\n<meta property=\"og:site_name\" content=\"Jobrapido\" \/>\n<meta property=\"article:modified_time\" content=\"2026-03-25T15:28:54+00:00\" \/>\n<meta name=\"twitter:card\" content=\"summary_large_image\" \/>\n<meta name=\"twitter:label1\" content=\"Dur\u00e9e de lecture estim\u00e9e\" \/>\n\t<meta name=\"twitter:data1\" content=\"1 minute\" \/>\n<script type=\"application\/ld+json\" class=\"yoast-schema-graph\">{\"@context\":\"https:\/\/schema.org\",\"@graph\":[{\"@type\":\"WebPage\",\"@id\":\"https:\/\/corporate.jobrapido.com\/fr\/\",\"url\":\"https:\/\/corporate.jobrapido.com\/fr\/\",\"name\":\"HOME | Jobrapido Entreprises\",\"isPartOf\":{\"@id\":\"https:\/\/corporate.jobrapido.com\/#website\"},\"datePublished\":\"2026-01-22T13:08:28+00:00\",\"dateModified\":\"2026-03-25T15:28:54+00:00\",\"description\":\"Trouvez les talents plus rapidement dans le paysage m\u00e9diatique fragment\u00e9 d\u2019aujourd\u2019hui.D\u00e9couvrez Jobespresso : la plateforme de recrutement IA la plus \u00e9volutive et intelligente \u2013 une solution unifi\u00e9e qui connecte tous les principaux canaux m\u00e9diatiques, en exploitant les donn\u00e9es propri\u00e9taires via un large march\u00e9 et une technologie propri\u00e9taire prim\u00e9e. Le tout avec une configuration cl\u00e9 en main, des r\u00e9sultats transparents et z\u00e9ro gaspillage.\",\"breadcrumb\":{\"@id\":\"https:\/\/corporate.jobrapido.com\/fr\/#breadcrumb\"},\"inLanguage\":\"fr-FR\",\"potentialAction\":[{\"@type\":\"ReadAction\",\"target\":[\"https:\/\/corporate.jobrapido.com\/fr\/\"]}]},{\"@type\":\"BreadcrumbList\",\"@id\":\"https:\/\/corporate.jobrapido.com\/fr\/#breadcrumb\",\"itemListElement\":[{\"@type\":\"ListItem\",\"position\":1,\"name\":\"Home\",\"item\":\"https:\/\/corporate.jobrapido.com\/fr\/\"},{\"@type\":\"ListItem\",\"position\":2,\"name\":\"Home new FR\"}]},{\"@type\":\"WebSite\",\"@id\":\"https:\/\/corporate.jobrapido.com\/#website\",\"url\":\"https:\/\/corporate.jobrapido.com\/\",\"name\":\"Jobrapido\",\"description\":\"Jobrapido for Employers\",\"publisher\":{\"@id\":\"https:\/\/corporate.jobrapido.com\/#organization\"},\"potentialAction\":[{\"@type\":\"SearchAction\",\"target\":{\"@type\":\"EntryPoint\",\"urlTemplate\":\"https:\/\/corporate.jobrapido.com\/?s={search_term_string}\"},\"query-input\":\"required name=search_term_string\"}],\"inLanguage\":\"fr-FR\"},{\"@type\":\"Organization\",\"@id\":\"https:\/\/corporate.jobrapido.com\/#organization\",\"name\":\"Jobrapido\",\"url\":\"https:\/\/corporate.jobrapido.com\/\",\"logo\":{\"@type\":\"ImageObject\",\"inLanguage\":\"fr-FR\",\"@id\":\"https:\/\/corporate.jobrapido.com\/#\/schema\/logo\/image\/\",\"url\":\"https:\/\/corporate.jobrapido.com\/wp-content\/uploads\/2020\/07\/jobrapido-2-blu.png\",\"contentUrl\":\"https:\/\/corporate.jobrapido.com\/wp-content\/uploads\/2020\/07\/jobrapido-2-blu.png\",\"width\":688,\"height\":166,\"caption\":\"Jobrapido\"},\"image\":{\"@id\":\"https:\/\/corporate.jobrapido.com\/#\/schema\/logo\/image\/\"}}]}<\/script>\n<!-- \/ Yoast SEO plugin. -->","yoast_head_json":{"title":"HOME | Jobrapido Entreprises","description":"Trouvez les talents plus rapidement dans le paysage m\u00e9diatique fragment\u00e9 d\u2019aujourd\u2019hui.D\u00e9couvrez Jobespresso : la plateforme de recrutement IA la plus \u00e9volutive et intelligente \u2013 une solution unifi\u00e9e qui connecte tous les principaux canaux m\u00e9diatiques, en exploitant les donn\u00e9es propri\u00e9taires via un large march\u00e9 et une technologie propri\u00e9taire prim\u00e9e. Le tout avec une configuration cl\u00e9 en main, des r\u00e9sultats transparents et z\u00e9ro gaspillage.","robots":{"index":"noindex","follow":"nofollow"},"og_locale":"fr_FR","og_type":"article","og_title":"HOME | Jobrapido Entreprises","og_description":"Trouvez les talents plus rapidement dans le paysage m\u00e9diatique fragment\u00e9 d\u2019aujourd\u2019hui.D\u00e9couvrez Jobespresso : la plateforme de recrutement IA la plus \u00e9volutive et intelligente \u2013 une solution unifi\u00e9e qui connecte tous les principaux canaux m\u00e9diatiques, en exploitant les donn\u00e9es propri\u00e9taires via un large march\u00e9 et une technologie propri\u00e9taire prim\u00e9e. Le tout avec une configuration cl\u00e9 en main, des r\u00e9sultats transparents et z\u00e9ro gaspillage.","og_url":"https:\/\/corporate.jobrapido.com\/fr\/","og_site_name":"Jobrapido","article_modified_time":"2026-03-25T15:28:54+00:00","twitter_card":"summary_large_image","twitter_misc":{"Dur\u00e9e de lecture estim\u00e9e":"1 minute"},"schema":{"@context":"https:\/\/schema.org","@graph":[{"@type":"WebPage","@id":"https:\/\/corporate.jobrapido.com\/fr\/","url":"https:\/\/corporate.jobrapido.com\/fr\/","name":"HOME | Jobrapido Entreprises","isPartOf":{"@id":"https:\/\/corporate.jobrapido.com\/#website"},"datePublished":"2026-01-22T13:08:28+00:00","dateModified":"2026-03-25T15:28:54+00:00","description":"Trouvez les talents plus rapidement dans le paysage m\u00e9diatique fragment\u00e9 d\u2019aujourd\u2019hui.D\u00e9couvrez Jobespresso : la plateforme de recrutement IA la plus \u00e9volutive et intelligente \u2013 une solution unifi\u00e9e qui connecte tous les principaux canaux m\u00e9diatiques, en exploitant les donn\u00e9es propri\u00e9taires via un large march\u00e9 et une technologie propri\u00e9taire prim\u00e9e. Le tout avec une configuration cl\u00e9 en main, des r\u00e9sultats transparents et z\u00e9ro gaspillage.","breadcrumb":{"@id":"https:\/\/corporate.jobrapido.com\/fr\/#breadcrumb"},"inLanguage":"fr-FR","potentialAction":[{"@type":"ReadAction","target":["https:\/\/corporate.jobrapido.com\/fr\/"]}]},{"@type":"BreadcrumbList","@id":"https:\/\/corporate.jobrapido.com\/fr\/#breadcrumb","itemListElement":[{"@type":"ListItem","position":1,"name":"Home","item":"https:\/\/corporate.jobrapido.com\/fr\/"},{"@type":"ListItem","position":2,"name":"Home new FR"}]},{"@type":"WebSite","@id":"https:\/\/corporate.jobrapido.com\/#website","url":"https:\/\/corporate.jobrapido.com\/","name":"Jobrapido","description":"Jobrapido for Employers","publisher":{"@id":"https:\/\/corporate.jobrapido.com\/#organization"},"potentialAction":[{"@type":"SearchAction","target":{"@type":"EntryPoint","urlTemplate":"https:\/\/corporate.jobrapido.com\/?s={search_term_string}"},"query-input":"required name=search_term_string"}],"inLanguage":"fr-FR"},{"@type":"Organization","@id":"https:\/\/corporate.jobrapido.com\/#organization","name":"Jobrapido","url":"https:\/\/corporate.jobrapido.com\/","logo":{"@type":"ImageObject","inLanguage":"fr-FR","@id":"https:\/\/corporate.jobrapido.com\/#\/schema\/logo\/image\/","url":"https:\/\/corporate.jobrapido.com\/wp-content\/uploads\/2020\/07\/jobrapido-2-blu.png","contentUrl":"https:\/\/corporate.jobrapido.com\/wp-content\/uploads\/2020\/07\/jobrapido-2-blu.png","width":688,"height":166,"caption":"Jobrapido"},"image":{"@id":"https:\/\/corporate.jobrapido.com\/#\/schema\/logo\/image\/"}}]}},"_links":{"self":[{"href":"https:\/\/corporate.jobrapido.com\/fr\/wp-json\/wp\/v2\/pages\/24095","targetHints":{"allow":["GET"]}}],"collection":[{"href":"https:\/\/corporate.jobrapido.com\/fr\/wp-json\/wp\/v2\/pages"}],"about":[{"href":"https:\/\/corporate.jobrapido.com\/fr\/wp-json\/wp\/v2\/types\/page"}],"author":[{"embeddable":true,"href":"https:\/\/corporate.jobrapido.com\/fr\/wp-json\/wp\/v2\/users\/17"}],"replies":[{"embeddable":true,"href":"https:\/\/corporate.jobrapido.com\/fr\/wp-json\/wp\/v2\/comments?post=24095"}],"version-history":[{"count":18,"href":"https:\/\/corporate.jobrapido.com\/fr\/wp-json\/wp\/v2\/pages\/24095\/revisions"}],"predecessor-version":[{"id":25444,"href":"https:\/\/corporate.jobrapido.com\/fr\/wp-json\/wp\/v2\/pages\/24095\/revisions\/25444"}],"wp:attachment":[{"href":"https:\/\/corporate.jobrapido.com\/fr\/wp-json\/wp\/v2\/media?parent=24095"}],"curies":[{"name":"wp","href":"https:\/\/api.w.org\/{rel}","templated":true}]}}